{"id":7,"date":"2026-01-22T10:14:44","date_gmt":"2026-01-22T10:14:44","guid":{"rendered":"https:\/\/viaturas.v2s.pt\/?page_id=7"},"modified":"2026-01-27T14:21:12","modified_gmt":"2026-01-27T14:21:12","slug":"home","status":"publish","type":"page","link":"https:\/\/viaturas.v2s.pt\/","title":{"rendered":"Home"},"content":{"rendered":"<div class=\"et_pb_section_0 et_pb_section et_section_regular et_block_section\">\n<div class=\"et_pb_row_0 et_pb_row et_flex_row\">\n<div class=\"et_pb_column_0 et_pb_column et-last-child et_flex_column et_pb_css_mix_blend_mode_passthrough et_flex_column_24_24 et_flex_column_24_24_tablet et_flex_column_24_24_phone\">\n<div class=\"et_pb_heading_0 et_pb_heading et_pb_module et_flex_module\"><div class=\"et_pb_heading_container\"><h1 class=\"et_pb_module_header\">Condutor &#8211; Verifica\u00e7\u00e3o Di\u00e1ria das Viaturas<\/h1><\/div><\/div>\n<\/div>\n<\/div>\n\n<div class=\"et_pb_row_1 et_pb_row et_flex_row\">\n<div class=\"et_pb_column_1 et_pb_column et_flex_column et_pb_css_mix_blend_mode_passthrough et_flex_column_12_24 et_flex_column_12_24_tablet et_flex_column_24_24_phone\">\n<div class=\"et_pb_module et_pb_button_module_wrapper et_pb_button_0_wrapper\"><a class=\"et_pb_button_0 et_pb_button et_pb_bg_layout_dark et_pb_module et_flex_module\" href=\"https:\/\/forms.office.com\/Pages\/ResponsePage.aspx?id=dOQojegc2EiVuKZzeGF8jp2bfpJS94BJtvAhR4-3ynZUQkhIR1FCVTVXVFQ3WUxZQk9UQjlXWlI4Qy4u\" target=\"_blank\">Chefe de Servi\u00e7o<\/a><\/div>\n\n<div class=\"et_pb_module et_pb_button_module_wrapper et_pb_button_1_wrapper\"><a class=\"et_pb_button_1 et_pb_button et_pb_bg_layout_dark et_pb_module et_flex_module\" href=\"https:\/\/forms.office.com\/Pages\/ResponsePage.aspx?id=dOQojegc2EiVuKZzeGF8jp2bfpJS94BJtvAhR4-3ynZURURKMFJLUTZBRVVKQkRTQVpJTTVJMVZNQS4u\" target=\"_blank\">1\u00aa Interven\u00e7\u00e3o<\/a><\/div>\n\n<div class=\"et_pb_module et_pb_button_module_wrapper et_pb_button_2_wrapper\"><a class=\"et_pb_button_2 et_pb_button et_pb_bg_layout_dark et_pb_module et_flex_module\" href=\"https:\/\/forms.office.com\/Pages\/ResponsePage.aspx?id=dOQojegc2EiVuKZzeGF8jp2bfpJS94BJtvAhR4-3ynZUQkRVRTRIVURSRE9LTkFFUFU3SjgzRlYyMC4u\" target=\"_blank\">2\u00aa Interven\u00e7\u00e3o<\/a><\/div>\n\n<div class=\"et_pb_module et_pb_button_module_wrapper et_pb_button_3_wrapper\"><a class=\"et_pb_button_3 et_pb_button et_pb_bg_layout_dark et_pb_module et_flex_module\" href=\"https:\/\/forms.office.com\/e\/XxWNkJNtkk\" target=\"_blank\">Reserva<\/a><\/div>\n<\/div>\n\n<div class=\"et_pb_column_2 et_pb_column et-last-child et_flex_column et_pb_css_mix_blend_mode_passthrough et_flex_column_12_24 et_flex_column_12_24_tablet et_flex_column_24_24_phone\">\n<div class=\"et_pb_module et_pb_button_module_wrapper et_pb_button_4_wrapper\"><a class=\"et_pb_button_4 et_pb_button et_pb_bg_layout_dark et_pb_module et_flex_module\" href=\"https:\/\/forms.office.com\/e\/9F4MaTbVtr\" target=\"_blank\">ABSC<\/a><\/div>\n\n<div class=\"et_pb_module et_pb_button_module_wrapper et_pb_button_5_wrapper\"><a class=\"et_pb_button_5 et_pb_button et_pb_bg_layout_dark et_pb_module et_flex_module\" href=\"https:\/\/forms.cloud.microsoft\/e\/ThUUUThSL7\" target=\"_blank\">VE 30<\/a><\/div>\n\n<div class=\"et_pb_module et_pb_button_module_wrapper et_pb_button_6_wrapper\"><a class=\"et_pb_button_6 et_pb_button et_pb_bg_layout_dark et_pb_module et_flex_module\" href=\"https:\/\/forms.office.com\/Pages\/ResponsePage.aspx?id=dOQojegc2EiVuKZzeGF8jsAwY8M7ieBCkfT32NtvuEtUNEZVTjdJSkhWTU4wSUxFS0g2UEpYSjJDRC4u\" target=\"_blank\">VP 45<\/a><\/div>\n<\/div>\n<\/div>\n\n<div class=\"et_pb_row_2 et_pb_row et_flex_row\">\n<div class=\"et_pb_column_3 et_pb_column et-last-child et_flex_column et_pb_css_mix_blend_mode_passthrough et_flex_column_24_24 et_flex_column_24_24_tablet et_flex_column_24_24_phone\">\n<div class=\"et_pb_text_0 et_pb_text et_pb_bg_layout_light et_pb_module et_flex_module\"><div class=\"et_pb_text_inner\"><p>* Em caso de se verificar alguma anomalia, p. f. criar Ticket para Gabinete de Log\u00edstica<\/p>\n<\/div><\/div>\n<\/div>\n<\/div>\n<\/div>\n\n<div class=\"et_pb_section_1 et_pb_section et_section_regular et_block_section\">\n<div class=\"et_pb_row_3 et_pb_row et_flex_row\">\n<div class=\"et_pb_column_4 et_pb_column et-last-child et_flex_column et_pb_css_mix_blend_mode_passthrough et_flex_column_24_24 et_flex_column_24_24_tablet et_flex_column_24_24_phone\">\n<div class=\"et_pb_heading_1 et_pb_heading et_pb_module et_flex_module\"><div class=\"et_pb_heading_container\"><h1 class=\"et_pb_module_header\">Chefe Equipa &#8211; Verifica\u00e7\u00e3o Di\u00e1ria das Viaturas<\/h1><\/div><\/div>\n<\/div>\n<\/div>\n\n<div class=\"et_pb_row_4 et_pb_row et_flex_row\">\n<div class=\"et_pb_column_5 et_pb_column et_flex_column et_pb_css_mix_blend_mode_passthrough et_flex_column_12_24 et_flex_column_12_24_tablet et_flex_column_24_24_phone\">\n<div class=\"et_pb_module et_pb_button_module_wrapper et_pb_button_7_wrapper\"><a class=\"et_pb_button_7 et_pb_button et_pb_bg_layout_dark et_pb_module et_flex_module\" href=\"https:\/\/forms.office.com\/Pages\/ResponsePage.aspx?id=dOQojegc2EiVuKZzeGF8jsAwY8M7ieBCkfT32NtvuEtUMTc3Qlg0RThGVTA2S0ZRVlBUMjYzVUVVSi4u\" target=\"_blank\">1\u00aa Interven\u00e7\u00e3o<\/a><\/div>\n\n<div class=\"et_pb_module et_pb_button_module_wrapper et_pb_button_8_wrapper\"><a class=\"et_pb_button_8 et_pb_button et_pb_bg_layout_dark et_pb_module et_flex_module\" href=\"https:\/\/forms.office.com\/Pages\/ResponsePage.aspx?id=dOQojegc2EiVuKZzeGF8jsAwY8M7ieBCkfT32NtvuEtURUNTWVhKWEgxRUVVUTM1NTRLTFRCTlhZVC4u\" target=\"_blank\">2\u00aa Interven\u00e7\u00e3o<\/a><\/div>\n\n<div class=\"et_pb_module et_pb_button_module_wrapper et_pb_button_9_wrapper\"><a class=\"et_pb_button_9 et_pb_button et_pb_bg_layout_dark et_pb_module et_flex_module\" href=\"https:\/\/forms.office.com\/Pages\/ResponsePage.aspx?id=dOQojegc2EiVuKZzeGF8jsAwY8M7ieBCkfT32NtvuEtUOUdUSzlEUTZRSFI4NTc5OU1PWlJUSVlIWi4u\" target=\"_blank\">Reserva<\/a><\/div>\n<\/div>\n\n<div class=\"et_pb_column_6 et_pb_column et-last-child et_flex_column et_pb_css_mix_blend_mode_passthrough et_flex_column_12_24 et_flex_column_12_24_tablet et_flex_column_24_24_phone\">\n<div class=\"et_pb_module et_pb_button_module_wrapper et_pb_button_10_wrapper\"><a class=\"et_pb_button_10 et_pb_button et_pb_bg_layout_dark et_pb_module et_flex_module\" href=\"https:\/\/forms.office.com\/Pages\/ResponsePage.aspx?id=dOQojegc2EiVuKZzeGF8jsAwY8M7ieBCkfT32NtvuEtUQjRHTThBNTBLODZWNjZHSk9IVVcwQjRWQi4u\" target=\"_blank\">ABSC<\/a><\/div>\n\n<div class=\"et_pb_module et_pb_button_module_wrapper et_pb_button_11_wrapper\"><a class=\"et_pb_button_11 et_pb_button et_pb_bg_layout_dark et_pb_module et_flex_module\" href=\"https:\/\/forms.office.com\/Pages\/ResponsePage.aspx?id=dOQojegc2EiVuKZzeGF8jsAwY8M7ieBCkfT32NtvuEtUNlJaQ1BEMUVPM1ZJVllCSERFVEFVVFMzRS4u\" target=\"_blank\">VE 30<\/a><\/div>\n\n<div class=\"et_pb_module et_pb_button_module_wrapper et_pb_button_12_wrapper\"><a class=\"et_pb_button_12 et_pb_button et_pb_bg_layout_dark et_pb_module et_flex_module\" href=\"\">VP 45<\/a><\/div>\n<\/div>\n<\/div>\n\n<div class=\"et_pb_row_5 et_pb_row et_flex_row\">\n<div class=\"et_pb_column_7 et_pb_column et-last-child et_flex_column et_pb_css_mix_blend_mode_passthrough et_flex_column_24_24 et_flex_column_24_24_tablet et_flex_column_24_24_phone\">\n<div class=\"et_pb_text_1 et_pb_text et_pb_bg_layout_light et_pb_module et_flex_module\"><div class=\"et_pb_text_inner\"><p>* Em caso de se verificar alguma anomalia, p. f. criar Ticket para Gabinete de Log\u00edstica<\/p>\n<\/div><\/div>\n<\/div>\n<\/div>\n<\/div>","protected":false},"excerpt":{"rendered":"","protected":false},"author":1,"featured_media":0,"parent":0,"menu_order":0,"comment_status":"closed","ping_status":"closed","template":"","meta":{"footnotes":""},"class_list":["post-7","page","type-page","status-publish","hentry"],"_links":{"self":[{"href":"https:\/\/viaturas.v2s.pt\/index.php\/wp-json\/wp\/v2\/pages\/7","targetHints":{"allow":["GET"]}}],"collection":[{"href":"https:\/\/viaturas.v2s.pt\/index.php\/wp-json\/wp\/v2\/pages"}],"about":[{"href":"https:\/\/viaturas.v2s.pt\/index.php\/wp-json\/wp\/v2\/types\/page"}],"author":[{"embeddable":true,"href":"https:\/\/viaturas.v2s.pt\/index.php\/wp-json\/wp\/v2\/users\/1"}],"replies":[{"embeddable":true,"href":"https:\/\/viaturas.v2s.pt\/index.php\/wp-json\/wp\/v2\/comments?post=7"}],"version-history":[{"count":32,"href":"https:\/\/viaturas.v2s.pt\/index.php\/wp-json\/wp\/v2\/pages\/7\/revisions"}],"predecessor-version":[{"id":101,"href":"https:\/\/viaturas.v2s.pt\/index.php\/wp-json\/wp\/v2\/pages\/7\/revisions\/101"}],"wp:attachment":[{"href":"https:\/\/viaturas.v2s.pt\/index.php\/wp-json\/wp\/v2\/media?parent=7"}],"curies":[{"name":"wp","href":"https:\/\/api.w.org\/{rel}","templated":true}]}}